{"id":93,"date":"2019-11-02T18:49:54","date_gmt":"2019-11-02T17:49:54","guid":{"rendered":"http:\/\/norwidpasjonaci.pl\/?page_id=93"},"modified":"2020-03-14T15:26:00","modified_gmt":"2020-03-14T14:26:00","slug":"bombka-norwida","status":"publish","type":"page","link":"http:\/\/norwidpasjonaci.pl\/index.php\/bielski-norwid\/konkursy\/bombka-norwida\/","title":{"rendered":"Bombka Norwida (2015)"},"content":{"rendered":"\n<p class=\"has-text-align-center\"><strong>Cele konkursu:<br><\/strong>&#8211; Wzbudzenie zainteresowania tw\u00f3rczo\u015bci\u0105  <span id=\"su_tooltip_69f2b3936ed0b_button\" class=\"su-tooltip-button su-tooltip-button-outline-yes\" aria-describedby=\"su_tooltip_69f2b3936ed0b\" data-settings='{\"position\":\"top\",\"behavior\":\"hover\",\"hideDelay\":0}' tabindex=\"0\"> <u><font color=\"blue\">Cypriana Kamila Norwida<\/font><\/u>. <\/span><span style=\"display:none;z-index:100\" id=\"su_tooltip_69f2b3936ed0b\" class=\"su-tooltip\" role=\"tooltip\"><span class=\"su-tooltip-inner su-tooltip-shadow-no\" style=\"z-index:100;background:#CAED9E;color:#3F6219;font-size:16px;border-radius:5px;text-align:left;max-width:300px;line-height:1.25\"><span class=\"su-tooltip-title\"><\/span><span class=\"su-tooltip-content su-u-trim\"> Norwid jest to bardzo ciekawy poeta.<\/span><\/span><span id=\"su_tooltip_69f2b3936ed0b_arrow\" class=\"su-tooltip-arrow\" style=\"z-index:100;background:#CAED9E\" data-popper-arrow><\/span><\/span> <br>&#8211; Odkrywanie w wierszach patrona uniwersalnych warto\u015bci.<br>&#8211; Promowanie czytelnictwa.<br>&#8211; Kszta\u0142towanie postawy zaanga\u017cowania m\u0142odzie\u017cy w wydarzenia z \u017cycia szko\u0142y.<\/p>\n\n\n\n<p class=\"has-text-align-center\"><strong>Organizatorzy:<br><\/strong>&#8211; Pani Wioletta \u017b\u00f3rawska &#8211; koordynator,<br>&#8211; Pani Krystyna Figurska,<br>&#8211; Pani Alicja Wojtunik,<\/p>\n\n\n\n<p class=\"has-text-align-center\">Dnia 14 stycznia 2015 r. komisja konkursowa<br>&#8211; Pani Renata Popis (dyrektor gimnazjum),<br>&#8211; Pani Wioletta \u017b\u00f3rawska (koordynator konkursu),<br>&#8211; Pani Marlena Godlewska (polonistka),<br>&#8211; Pani Krystyna Figurska (bibliotekarka),<br>wy\u0142oni\u0142a laureat\u00f3w konkursu <em>Bombka Norwida<\/em>. Uczniowie mieli za zadanie odgadn\u0105\u0107 cytaty z 20 wierszy Cypriana Norwida zamieszczone na 59 bombkach zawieszonych na choince.<br><br>Wszystkie cytaty odgad\u0142 Krzysztof Kami\u0144ski z klasy I B.<br>Na drugim miejscu znajduj\u0105 si\u0119 uczennice: Patrycja Bilicka z klasy II A i Weronika Grudzie\u0144 z klasy III B. ( 58 cytat\u00f3w trafnie przypisa\u0142y wierszom patrona).<br>Zwyci\u0119zcy otrzymuj\u0105 nagrody ksi\u0105\u017ckowe i dyplomy a pozostali uczestnicy \u2013 dyplomy.<\/p>\n\n\n\n<p class=\"has-text-align-right\">Gratulujemy,<br>Wioletta \u017b\u00f3rawska.<\/p>\n\n\n\n<p class=\"has-text-align-center\">Konkursowi towarzyszy\u0142a wystawa prac plastycznych inspirowanych wierszami Cypriana Norwida. Uczniowie wykazali si\u0119 wyobra\u017ani\u0105 i umiej\u0119tno\u015bciami plastycznymi. Prace powsta\u0142y na lekcjach plastyki prowadzonych przez Pani\u0105 Alicj\u0119 Wojtunik. Tablica informuj\u0105ca o laureatach konkursu recytatorskiego po\u015bwi\u0119conego patronowi szko\u0142y.<\/p>\n\n\n\n<p class=\"has-text-align-center\">Plansze wykona\u0142y uczennice Weronika Grudzie\u0144 i Paulina Szulc z klasy III B pod kierunkiem Pani Wioletty \u017b\u00f3rawskiej.<br><\/p>\n\n\n\n<figure class=\"wp-block-image is-resized\"><img loading=\"lazy\" decoding=\"async\" src=\"http:\/\/norwidpasjonaci.pl\/wp-content\/uploads\/2019\/11\/bombka1-1024x678.jpg\" alt=\"\" class=\"wp-image-176\" width=\"1031\" height=\"682\" srcset=\"http:\/\/norwidpasjonaci.pl\/wp-content\/uploads\/2019\/11\/bombka1-1024x678.jpg 1024w, http:\/\/norwidpasjonaci.pl\/wp-content\/uploads\/2019\/11\/bombka1-300x199.jpg 300w, http:\/\/norwidpasjonaci.pl\/wp-content\/uploads\/2019\/11\/bombka1-768x509.jpg 768w, http:\/\/norwidpasjonaci.pl\/wp-content\/uploads\/2019\/11\/bombka1-624x413.jpg 624w\" sizes=\"auto, (max-width: 1031px) 100vw, 1031px\" \/><\/figure>\n\n\n\n<figure class=\"wp-block-image is-resized\"><img loading=\"lazy\" decoding=\"async\" src=\"http:\/\/norwidpasjonaci.pl\/wp-content\/uploads\/2019\/11\/bombka2-1024x768.jpg\" alt=\"\" class=\"wp-image-177\" width=\"929\" height=\"696\" srcset=\"http:\/\/norwidpasjonaci.pl\/wp-content\/uploads\/2019\/11\/bombka2-1024x768.jpg 1024w, http:\/\/norwidpasjonaci.pl\/wp-content\/uploads\/2019\/11\/bombka2-300x225.jpg 300w, http:\/\/norwidpasjonaci.pl\/wp-content\/uploads\/2019\/11\/bombka2-768x576.jpg 768w, http:\/\/norwidpasjonaci.pl\/wp-content\/uploads\/2019\/11\/bombka2-624x468.jpg 624w\" sizes=\"auto, (max-width: 929px) 100vw, 929px\" \/><\/figure>\n\n\n\n<figure class=\"wp-block-image is-resized\"><img loading=\"lazy\" decoding=\"async\" src=\"http:\/\/norwidpasjonaci.pl\/wp-content\/uploads\/2019\/11\/bombka3-1024x768.jpg\" alt=\"\" class=\"wp-image-178\" width=\"972\" height=\"728\" srcset=\"http:\/\/norwidpasjonaci.pl\/wp-content\/uploads\/2019\/11\/bombka3-1024x768.jpg 1024w, http:\/\/norwidpasjonaci.pl\/wp-content\/uploads\/2019\/11\/bombka3-300x225.jpg 300w, http:\/\/norwidpasjonaci.pl\/wp-content\/uploads\/2019\/11\/bombka3-768x576.jpg 768w, http:\/\/norwidpasjonaci.pl\/wp-content\/uploads\/2019\/11\/bombka3-624x468.jpg 624w\" sizes=\"auto, (max-width: 972px) 100vw, 972px\" \/><\/figure>\n","protected":false},"excerpt":{"rendered":"<p>Cele konkursu:&#8211; Wzbudzenie zainteresowania tw\u00f3rczo\u015bci\u0105 &#8211; Odkrywanie w wierszach patrona uniwersalnych warto\u015bci.&#8211; Promowanie czytelnictwa.&#8211; Kszta\u0142towanie postawy zaanga\u017cowania m\u0142odzie\u017cy w wydarzenia z \u017cycia szko\u0142y. Organizatorzy:&#8211; Pani Wioletta \u017b\u00f3rawska &#8211; koordynator,&#8211; Pani Krystyna Figurska,&#8211; Pani Alicja Wojtunik, Dnia 14 stycznia 2015 r. komisja konkursowa&#8211; Pani Renata Popis (dyrektor gimnazjum),&#8211; Pani Wioletta \u017b\u00f3rawska (koordynator konkursu),&#8211; Pani Marlena Godlewska [&hellip;]<\/p>\n","protected":false},"author":1,"featured_media":0,"parent":54,"menu_order":5,"comment_status":"closed","ping_status":"closed","template":"","meta":{"footnotes":""},"class_list":["post-93","page","type-page","status-publish","hentry"],"_links":{"self":[{"href":"http:\/\/norwidpasjonaci.pl\/index.php\/wp-json\/wp\/v2\/pages\/93","targetHints":{"allow":["GET"]}}],"collection":[{"href":"http:\/\/norwidpasjonaci.pl\/index.php\/wp-json\/wp\/v2\/pages"}],"about":[{"href":"http:\/\/norwidpasjonaci.pl\/index.php\/wp-json\/wp\/v2\/types\/page"}],"author":[{"embeddable":true,"href":"http:\/\/norwidpasjonaci.pl\/index.php\/wp-json\/wp\/v2\/users\/1"}],"replies":[{"embeddable":true,"href":"http:\/\/norwidpasjonaci.pl\/index.php\/wp-json\/wp\/v2\/comments?post=93"}],"version-history":[{"count":38,"href":"http:\/\/norwidpasjonaci.pl\/index.php\/wp-json\/wp\/v2\/pages\/93\/revisions"}],"predecessor-version":[{"id":936,"href":"http:\/\/norwidpasjonaci.pl\/index.php\/wp-json\/wp\/v2\/pages\/93\/revisions\/936"}],"up":[{"embeddable":true,"href":"http:\/\/norwidpasjonaci.pl\/index.php\/wp-json\/wp\/v2\/pages\/54"}],"wp:attachment":[{"href":"http:\/\/norwidpasjonaci.pl\/index.php\/wp-json\/wp\/v2\/media?parent=93"}],"curies":[{"name":"wp","href":"https:\/\/api.w.org\/{rel}","templated":true}]}}