{"id":70,"date":"2019-11-02T18:35:13","date_gmt":"2019-11-02T17:35:13","guid":{"rendered":"http:\/\/norwidpasjonaci.pl\/?page_id=70"},"modified":"2019-11-25T15:46:18","modified_gmt":"2019-11-25T14:46:18","slug":"byl-z-nami-norwid-2015","status":"publish","type":"page","link":"http:\/\/norwidpasjonaci.pl\/index.php\/bielski-norwid\/apele-szkolne\/byl-z-nami-norwid-2015\/","title":{"rendered":"By\u0142 z nami Norwid (2015)"},"content":{"rendered":"\n<p class=\"has-text-align-center\">21 maja 2015 r. odby\u0142a si\u0119 uroczysto\u015b\u0107 szkolna &#8211; Dzie\u0144 Norwidowski na pami\u0105tk\u0119 132. rocznicy \u015bmierci Cypriana Kamila Norwida. Autork\u0105 scenariusza i projektu scenografii wydarzenia by\u0142a polonistka Pani Wioletta \u017b\u00f3rawska. Zgromadzili\u015bmy si\u0119 w hali sportowej od godziny 10.45 do 11.00. Opraw\u0119 plastyczn\u0105 wykona\u0142a Pani Alicja Wojtunik, a przygotowaniem wyst\u0119pu muzycznego zaj\u0105\u0142 si\u0119 Pan Jaros\u0142aw Miszewski. Na tej uroczysto\u015bci pojawi\u0142 si\u0119 nawet sam Norwid, w kt\u00f3rego wcieli\u0142 si\u0119 Dominik Matczak z klasy III B. Ubrany by\u0142 w elegancki frak, bia\u0142\u0105 koszul\u0119 z \u017cabotem oraz mia\u0142 na r\u0119kach bia\u0142e r\u0119kawiczki w stylu ubioru naszego patrona. Opraw\u0119 muzyczn\u0105 stanowi\u0142y kompozycje utwor\u00f3w Fryderyka Chopina. Wszyscy przys\u0142uchiwali si\u0119 komentarzom wierszy i faktom z \u017cycia patrona naszej szko\u0142y przedstawianych przez narrator\u00f3w:<\/p>\n\n\n\n<p class=\"has-text-align-center\">&#8211; Paulin\u0119 Szulc III B,<br>&#8211; Krzysztofa Kami\u0144skiego I B,<br>&#8211; Aleksandr\u0119 Kozakiewicz I B,<br>&#8211; Konrada Nowaka III B,<br>&#8211; Dominik\u0119 Kwiatkowsk\u0105 III B,<br>&#8211; Jakuba Olszewskiego II A ( wprowadzenie i wyprowadzenie Sztandaru Szko\u0142y).<\/p>\n\n\n\n<p class=\"has-text-align-center\"><strong>Utwory Cypriana Norwida przedstawiali laureaci szkolnego konkursu recytacji:<\/strong><\/p>\n\n\n\n<p class=\"has-text-align-center\">&#8211; Patrycja Bilicka II A,<br>&#8211; Jakub Olszewski II A,<br>&#8211; Weronika Grudzie\u0144 III B,<br>&#8211; Klaudia Podgrudna III D,<br>&#8211; Sara Cieplik II A,<br>&#8211; Dominika \u017baczek III D,<br>&#8211; Magdalena S\u00f3jka,<\/p>\n\n\n\n<p class=\"has-text-align-center\">Szczeg\u00f3lne emocje wywo\u0142a\u0142o wykonanie wokalne z w\u0142asnym akompaniamentem wiersza ,,Bema pami\u0119ci \u017ca\u0142obny- rapsod&#8221; przygotowane przez Dominik\u0119 \u017baczek. Zosta\u0142o ono nagrodzone d\u0142ugimi oklaskami oraz kwiatami wr\u0119czonymi na koniec apelu przez obecnego na widowni Norwida. Po wyj\u015bciu z budynku uczniowie mogli przeczyta\u0107 fragmenty wierszy zapisane na deptaku przed szko\u0142\u0105. Zaj\u0119\u0142y si\u0119 tym:<\/p>\n\n\n\n<p class=\"has-text-align-center\">&#8211; Aleksandra Kra\u015bniewska IIIB,<br>&#8211; Katarzyna Wojciechowska IIIB,<br>&#8211; Olga Karpi\u0144ska IIB,<br>&#8211; Wiktoria Rakowska IIB.<\/p>\n\n\n\n<div class=\"wp-block-image\"><figure class=\"aligncenter\"><img loading=\"lazy\" decoding=\"async\" width=\"300\" height=\"500\" src=\"http:\/\/norwidpasjonaci.pl\/wp-content\/uploads\/2019\/11\/1.png\" alt=\"\" class=\"wp-image-121\" srcset=\"http:\/\/norwidpasjonaci.pl\/wp-content\/uploads\/2019\/11\/1.png 300w, http:\/\/norwidpasjonaci.pl\/wp-content\/uploads\/2019\/11\/1-180x300.png 180w\" sizes=\"auto, (max-width: 300px) 100vw, 300px\" \/><figcaption>Norwid czytaj\u0105cy fragment wiersza <em>Moja piosnka<\/em> [II].<\/figcaption><\/figure><\/div>\n\n\n\n<figure class=\"wp-block-image size-large is-resized\"><img loading=\"lazy\" decoding=\"async\" src=\"http:\/\/norwidpasjonaci.pl\/wp-content\/uploads\/2019\/11\/zdjecie.png\" alt=\"\" class=\"wp-image-666\" width=\"638\" height=\"383\" srcset=\"http:\/\/norwidpasjonaci.pl\/wp-content\/uploads\/2019\/11\/zdjecie.png 500w, http:\/\/norwidpasjonaci.pl\/wp-content\/uploads\/2019\/11\/zdjecie-300x180.png 300w\" sizes=\"auto, (max-width: 638px) 100vw, 638px\" \/><figcaption> <em>Kwiaty od Norwida otrzyma\u0142a dr Wioletta \u017b\u00f3rawska. Fot. A. Wojtunik. <\/em> <\/figcaption><\/figure>\n\n\n\n<div class=\"wp-block-image\"><figure class=\"aligncenter is-resized\"><img loading=\"lazy\" decoding=\"async\" src=\"http:\/\/norwidpasjonaci.pl\/wp-content\/uploads\/2019\/11\/3.png\" alt=\"\" class=\"wp-image-123\" width=\"649\" height=\"389\" srcset=\"http:\/\/norwidpasjonaci.pl\/wp-content\/uploads\/2019\/11\/3.png 500w, http:\/\/norwidpasjonaci.pl\/wp-content\/uploads\/2019\/11\/3-300x180.png 300w\" sizes=\"auto, (max-width: 649px) 100vw, 649px\" \/><figcaption>Norwid czytaj\u0105cy sw\u00f3j tekst <em>Fatum<\/em>.<\/figcaption><\/figure><\/div>\n\n\n\n<div class=\"wp-block-image\"><figure class=\"aligncenter\"><img loading=\"lazy\" decoding=\"async\" width=\"667\" height=\"1024\" src=\"http:\/\/norwidpasjonaci.pl\/wp-content\/uploads\/2019\/11\/papiez-667x1024.jpg\" alt=\"\" class=\"wp-image-124\" srcset=\"http:\/\/norwidpasjonaci.pl\/wp-content\/uploads\/2019\/11\/papiez-667x1024.jpg 667w, http:\/\/norwidpasjonaci.pl\/wp-content\/uploads\/2019\/11\/papiez-195x300.jpg 195w, http:\/\/norwidpasjonaci.pl\/wp-content\/uploads\/2019\/11\/papiez-768x1180.jpg 768w, http:\/\/norwidpasjonaci.pl\/wp-content\/uploads\/2019\/11\/papiez-624x958.jpg 624w, http:\/\/norwidpasjonaci.pl\/wp-content\/uploads\/2019\/11\/papiez.jpg 778w\" sizes=\"auto, (max-width: 667px) 100vw, 667px\" \/><figcaption>Dwaj wielcy Polacy. Norwid stan\u0105\u0142 obok pomnika \u015bw.  Jana Paw\u0142a II w Bielsku &#8211; wielkiego mi\u0142o\u015bnika swojej tw\u00f3rczo\u015bci.<\/figcaption><\/figure><\/div>\n\n\n\n<figure class=\"wp-block-image size-large\"><img loading=\"lazy\" decoding=\"async\" width=\"1024\" height=\"678\" src=\"http:\/\/norwidpasjonaci.pl\/wp-content\/uploads\/2019\/11\/DSC_7320-1024x678.jpg\" alt=\"\" class=\"wp-image-678\" srcset=\"http:\/\/norwidpasjonaci.pl\/wp-content\/uploads\/2019\/11\/DSC_7320-1024x678.jpg 1024w, http:\/\/norwidpasjonaci.pl\/wp-content\/uploads\/2019\/11\/DSC_7320-300x199.jpg 300w, http:\/\/norwidpasjonaci.pl\/wp-content\/uploads\/2019\/11\/DSC_7320-768x509.jpg 768w, http:\/\/norwidpasjonaci.pl\/wp-content\/uploads\/2019\/11\/DSC_7320-1536x1017.jpg 1536w, http:\/\/norwidpasjonaci.pl\/wp-content\/uploads\/2019\/11\/DSC_7320-2048x1356.jpg 2048w, http:\/\/norwidpasjonaci.pl\/wp-content\/uploads\/2019\/11\/DSC_7320-624x413.jpg 624w\" sizes=\"auto, (max-width: 1024px) 100vw, 1024px\" \/><figcaption> Grupa wyst\u0119puj\u0105cych uczni\u00f3w. <\/figcaption><\/figure>\n\n\n\n<figure class=\"wp-block-image size-large\"><img loading=\"lazy\" decoding=\"async\" width=\"1024\" height=\"678\" src=\"http:\/\/norwidpasjonaci.pl\/wp-content\/uploads\/2019\/11\/DSC_7306-1024x678.jpg\" alt=\"\" class=\"wp-image-676\" srcset=\"http:\/\/norwidpasjonaci.pl\/wp-content\/uploads\/2019\/11\/DSC_7306-1024x678.jpg 1024w, http:\/\/norwidpasjonaci.pl\/wp-content\/uploads\/2019\/11\/DSC_7306-300x199.jpg 300w, http:\/\/norwidpasjonaci.pl\/wp-content\/uploads\/2019\/11\/DSC_7306-768x509.jpg 768w, http:\/\/norwidpasjonaci.pl\/wp-content\/uploads\/2019\/11\/DSC_7306-1536x1017.jpg 1536w, http:\/\/norwidpasjonaci.pl\/wp-content\/uploads\/2019\/11\/DSC_7306-2048x1356.jpg 2048w, http:\/\/norwidpasjonaci.pl\/wp-content\/uploads\/2019\/11\/DSC_7306-624x413.jpg 624w\" sizes=\"auto, (max-width: 1024px) 100vw, 1024px\" \/><figcaption> Dominika \u017baczek w zaskoczy\u0142a \u00a0wszystkich uczestnik\u00f3w apelu \u00a0ciekawym wykonaniem wiersza\u00a0<em>Bema pami\u0119ci \u017ca\u0142obny-rapsod.\u00a0<\/em> <\/figcaption><\/figure>\n\n\n\n<figure class=\"wp-block-image\"><img loading=\"lazy\" decoding=\"async\" width=\"1024\" height=\"768\" src=\"http:\/\/norwidpasjonaci.pl\/wp-content\/uploads\/2019\/11\/Rocznica4-1024x768.jpg\" alt=\"\" class=\"wp-image-125\" srcset=\"http:\/\/norwidpasjonaci.pl\/wp-content\/uploads\/2019\/11\/Rocznica4-1024x768.jpg 1024w, http:\/\/norwidpasjonaci.pl\/wp-content\/uploads\/2019\/11\/Rocznica4-300x225.jpg 300w, http:\/\/norwidpasjonaci.pl\/wp-content\/uploads\/2019\/11\/Rocznica4-768x576.jpg 768w, http:\/\/norwidpasjonaci.pl\/wp-content\/uploads\/2019\/11\/Rocznica4-624x468.jpg 624w\" sizes=\"auto, (max-width: 1024px) 100vw, 1024px\" \/><figcaption>W kronice szkolnej jak zwykle odnotowali\u015bmy dzie\u0144 patrona w Bielsku.  <\/figcaption><\/figure>\n","protected":false},"excerpt":{"rendered":"<p>21 maja 2015 r. odby\u0142a si\u0119 uroczysto\u015b\u0107 szkolna &#8211; Dzie\u0144 Norwidowski na pami\u0105tk\u0119 132. rocznicy \u015bmierci Cypriana Kamila Norwida. Autork\u0105 scenariusza i projektu scenografii wydarzenia by\u0142a polonistka Pani Wioletta \u017b\u00f3rawska. Zgromadzili\u015bmy si\u0119 w hali sportowej od godziny 10.45 do 11.00. Opraw\u0119 plastyczn\u0105 wykona\u0142a Pani Alicja Wojtunik, a przygotowaniem wyst\u0119pu muzycznego zaj\u0105\u0142 si\u0119 Pan Jaros\u0142aw Miszewski. [&hellip;]<\/p>\n","protected":false},"author":1,"featured_media":0,"parent":44,"menu_order":4,"comment_status":"closed","ping_status":"closed","template":"","meta":{"footnotes":""},"class_list":["post-70","page","type-page","status-publish","hentry"],"_links":{"self":[{"href":"http:\/\/norwidpasjonaci.pl\/index.php\/wp-json\/wp\/v2\/pages\/70","targetHints":{"allow":["GET"]}}],"collection":[{"href":"http:\/\/norwidpasjonaci.pl\/index.php\/wp-json\/wp\/v2\/pages"}],"about":[{"href":"http:\/\/norwidpasjonaci.pl\/index.php\/wp-json\/wp\/v2\/types\/page"}],"author":[{"embeddable":true,"href":"http:\/\/norwidpasjonaci.pl\/index.php\/wp-json\/wp\/v2\/users\/1"}],"replies":[{"embeddable":true,"href":"http:\/\/norwidpasjonaci.pl\/index.php\/wp-json\/wp\/v2\/comments?post=70"}],"version-history":[{"count":21,"href":"http:\/\/norwidpasjonaci.pl\/index.php\/wp-json\/wp\/v2\/pages\/70\/revisions"}],"predecessor-version":[{"id":680,"href":"http:\/\/norwidpasjonaci.pl\/index.php\/wp-json\/wp\/v2\/pages\/70\/revisions\/680"}],"up":[{"embeddable":true,"href":"http:\/\/norwidpasjonaci.pl\/index.php\/wp-json\/wp\/v2\/pages\/44"}],"wp:attachment":[{"href":"http:\/\/norwidpasjonaci.pl\/index.php\/wp-json\/wp\/v2\/media?parent=70"}],"curies":[{"name":"wp","href":"https:\/\/api.w.org\/{rel}","templated":true}]}}